{"id":145,"date":"2024-01-17T21:55:23","date_gmt":"2024-01-17T21:55:23","guid":{"rendered":"https:\/\/www.statekujelinku.com\/?page_id=145"},"modified":"2024-03-20T15:09:35","modified_gmt":"2024-03-20T15:09:35","slug":"historie","status":"publish","type":"page","link":"https:\/\/www.statekujelinku.com\/?page_id=145","title":{"rendered":"Historie"},"content":{"rendered":"\n<p>Historie rodu na statku \u010d.p. 6 (nyn\u00ed 11) v Mase\u010d\u00edn\u011b&nbsp;<\/p>\n\n\n\n<p>Na\u0161emu p\u00e1tr\u00e1n\u00ed po ko\u0159enech rodu velmi napomohla Kronika rodu Li\u0161k\u016f,sepsan\u00e1 Mat\u011bjem Li\u0161kou z \u010d.p.4 v Mase\u010d\u00edn\u011b a&nbsp; jeho pokra\u010dovatelem,Mat\u011bjem Li\u0161kou, synovcem kronik\u00e1\u0159e.Ten doplnil kroniku o cenn\u00e9 genealogick\u00e9 informace. Dal\u0161\u00ed \u00fadaje jsme \u010derpali ze star\u00fdch matrik. Sledovali jsme p\u0159\u00edmou linii p\u0159edk\u016f po me\u010di,jej\u00edm\u017e posledn\u00edm \u010dlenem byl Franti\u0161ek Li\u0161ka, otec Marie Li\u0161kov\u00e9, provdan\u00e9 Srbkov\u00e9.<\/p>\n\n\n\n<p>N\u00e1\u0161 rod,resp. rod Li\u0161k\u016f,za\u010dal ps\u00e1t svou historii na statku \u010d.p. 6,kdy\u017e se n\u00e1\u0161 p\u0159\u00edm\u00fd p\u0159edek Josef Li\u0161ka,narozen\u00fd v roce 1771 v Davli, na statek p\u0159i\u017eenil. V p\u0159\u00edm\u00e9 linii mu\u017esk\u00fdch p\u0159edk\u016f pokra\u010doval jeho syn Mat\u011bj Li\u0161ka,narozen\u00fd r. 1794, d\u00e1le jeho syn, t\u00e9\u017e Mat\u011bj Li\u0161ka,narozen\u00fd v roce 1826 a d\u00e1l posledn\u00ed potomek mu\u017esk\u00e9ho rodu Franti\u0161ek Li\u0161ka,narozen\u00fd v roce 1856,zesnul\u00fd v roce 1899. Franti\u0161ek Li\u0161ka zplodil se svou man\u017eelkou Antoni\u00ed celkem 6 d\u011bt\u00ed, kter\u00e9 v\u0161ak v\u0161echny, a\u017e na dceru Marii, v mlad\u00e9m v\u011bku zem\u0159ely. T\u00edm rod Li\u0161k\u016f v \u010d.p.6 vym\u0159el po me\u010di. Vdova Antonie Li\u0161kov\u00e1 pot\u00e9 hospoda\u0159ila na statku sama, ale jak tomu doba cht\u011bla, z\u00e1hy (r.1900) se provdala za Anton\u00edna Buriana. Jedin\u00e1 dcera Marie Li\u0161kov\u00e1 se v roce 1928 provdala za Old\u0159icha Srbka z Post\u0159i\u017e\u00edna. Spolu m\u011bli dceru Ludmilu,provdanou Rokosovou.&nbsp;<\/p>\n\n\n\n<p>V pades\u00e1t\u00fdch letech za\u017eila rodina t\u011b\u017ekou perzekuci, Old\u0159ich Srbek byl uv\u011bzn\u011bn a man\u017eelka Marie s dcerou Ludmilou byli uprost\u0159ed noci odvezeni s minimem v\u011bc\u00ed k Havl\u00ed\u010dkovu Brodu. Vstup do Mase\u010d\u00edna m\u011bla rodina n\u011bkolik let zak\u00e1zan\u00fd.<\/p>\n\n\n\n<p>Mezit\u00edm si Lidu\u0161ka na\u0161la sv\u00e9ho man\u017eela,\u0161li bydlet do Prahy a narodila se jedin\u00e1 dcera Renata,provdan\u00e1 Jel\u00ednkov\u00e1. Z man\u017eelstv\u00ed se v roce 1983 narodil syn Ond\u0159ej.<\/p>\n\n\n\n<p>Na za\u010d\u00e1tku 60.let byl zru\u0161en z\u00e1kaz pobytu a Srbkovi se mohli se vr\u00e1tit na sv\u016fj statek.Samoz\u0159ejm\u011b s velk\u00fdm strachem a obavami,jak je vesnice p\u0159ijme. Rodov\u00fd statek i hospod\u00e1\u0159sk\u00e9 budovy byly zdevastov\u00e1ny. Lidu\u0161ka s rodinou pak dlouh\u00e9 roky u\u017e\u00edvala nemovitost k rekreaci&nbsp; a jej\u00ed maminka Marie zde do\u017eila. Z\u00e1rove\u0148 byl statek z\u010d\u00e1sti vyu\u017e\u00edv\u00e1n m\u00edstn\u00edm JZD k bydlen\u00ed. Smutn\u00fd p\u0159\u00edb\u011bh rozkula\u010den\u00e9 rodiny nabral nov\u00fd sm\u011br po Sametov\u00e9 revoluci,kdy byly \u010d\u00e1ste\u010dn\u011b vyd\u00e1ny n\u00e1hrady za zni\u010den\u00fd a zabaven\u00fd majetek. Lidu\u0161ka se po smrti man\u017eela vr\u00e1tila na rodov\u00fd statek. Vnuk Ond\u0159ej obnovil hospod\u00e1\u0159stv\u00ed a spolu s man\u017eelkou a t\u0159emi d\u011btmi se sna\u017e\u00ed nav\u00e1zat na tradici p\u0159edk\u016f. Snad se jim to poda\u0159\u00ed.<\/p>\n\n\n\n<p>Statek a n\u00e1ves rok 1902<\/p>\n\n\n\n<figure class=\"wp-block-image size-large\"><img loading=\"lazy\" decoding=\"async\" width=\"1024\" height=\"1024\" src=\"https:\/\/www.statekujelinku.com\/wp-content\/uploads\/2024\/01\/IMG-20240101-WA0007-1024x1024.jpg\" alt=\"\" class=\"wp-image-146\" srcset=\"https:\/\/www.statekujelinku.com\/wp-content\/uploads\/2024\/01\/IMG-20240101-WA0007-1024x1024.jpg 1024w, https:\/\/www.statekujelinku.com\/wp-content\/uploads\/2024\/01\/IMG-20240101-WA0007-300x300.jpg 300w, https:\/\/www.statekujelinku.com\/wp-content\/uploads\/2024\/01\/IMG-20240101-WA0007-150x150.jpg 150w, https:\/\/www.statekujelinku.com\/wp-content\/uploads\/2024\/01\/IMG-20240101-WA0007-768x768.jpg 768w, https:\/\/www.statekujelinku.com\/wp-content\/uploads\/2024\/01\/IMG-20240101-WA0007.jpg 1080w\" sizes=\"auto, (max-width: 1024px) 100vw, 1024px\" \/><\/figure>\n\n\n\n<figure class=\"wp-block-image size-large\"><img loading=\"lazy\" decoding=\"async\" width=\"1024\" height=\"1024\" src=\"https:\/\/www.statekujelinku.com\/wp-content\/uploads\/2024\/01\/IMG-20240101-WA0011-1024x1024.jpg\" alt=\"\" class=\"wp-image-147\" srcset=\"https:\/\/www.statekujelinku.com\/wp-content\/uploads\/2024\/01\/IMG-20240101-WA0011-1024x1024.jpg 1024w, https:\/\/www.statekujelinku.com\/wp-content\/uploads\/2024\/01\/IMG-20240101-WA0011-300x300.jpg 300w, https:\/\/www.statekujelinku.com\/wp-content\/uploads\/2024\/01\/IMG-20240101-WA0011-150x150.jpg 150w, https:\/\/www.statekujelinku.com\/wp-content\/uploads\/2024\/01\/IMG-20240101-WA0011-768x768.jpg 768w, https:\/\/www.statekujelinku.com\/wp-content\/uploads\/2024\/01\/IMG-20240101-WA0011.jpg 1080w\" sizes=\"auto, (max-width: 1024px) 100vw, 1024px\" \/><\/figure>\n\n\n\n<p>Na\u0161e Lidu\u0161ka 1929-2023<\/p>\n\n\n\n<figure class=\"wp-block-image size-large\"><img loading=\"lazy\" decoding=\"async\" width=\"1024\" height=\"1024\" src=\"https:\/\/www.statekujelinku.com\/wp-content\/uploads\/2024\/01\/IMG-20240101-WA0008-1024x1024.jpg\" alt=\"\" class=\"wp-image-148\" srcset=\"https:\/\/www.statekujelinku.com\/wp-content\/uploads\/2024\/01\/IMG-20240101-WA0008-1024x1024.jpg 1024w, https:\/\/www.statekujelinku.com\/wp-content\/uploads\/2024\/01\/IMG-20240101-WA0008-300x300.jpg 300w, https:\/\/www.statekujelinku.com\/wp-content\/uploads\/2024\/01\/IMG-20240101-WA0008-150x150.jpg 150w, https:\/\/www.statekujelinku.com\/wp-content\/uploads\/2024\/01\/IMG-20240101-WA0008-768x768.jpg 768w, https:\/\/www.statekujelinku.com\/wp-content\/uploads\/2024\/01\/IMG-20240101-WA0008.jpg 1080w\" sizes=\"auto, (max-width: 1024px) 100vw, 1024px\" \/><\/figure>\n\n\n\n<p>Rodina Li\u0161kova rok 1902<\/p>\n\n\n\n<figure class=\"wp-block-image size-large\"><img loading=\"lazy\" decoding=\"async\" width=\"1024\" height=\"1024\" src=\"https:\/\/www.statekujelinku.com\/wp-content\/uploads\/2024\/01\/IMG-20240101-WA0009-1024x1024.jpg\" alt=\"\" class=\"wp-image-149\" srcset=\"https:\/\/www.statekujelinku.com\/wp-content\/uploads\/2024\/01\/IMG-20240101-WA0009-1024x1024.jpg 1024w, https:\/\/www.statekujelinku.com\/wp-content\/uploads\/2024\/01\/IMG-20240101-WA0009-300x300.jpg 300w, https:\/\/www.statekujelinku.com\/wp-content\/uploads\/2024\/01\/IMG-20240101-WA0009-150x150.jpg 150w, https:\/\/www.statekujelinku.com\/wp-content\/uploads\/2024\/01\/IMG-20240101-WA0009-768x768.jpg 768w, https:\/\/www.statekujelinku.com\/wp-content\/uploads\/2024\/01\/IMG-20240101-WA0009.jpg 1080w\" sizes=\"auto, (max-width: 1024px) 100vw, 1024px\" \/><\/figure>\n\n\n\n<p>Babi\u010dka Srbkov\u00e1 Li\u0161kov\u00e1<\/p>\n\n\n\n<figure class=\"wp-block-image size-large\"><img loading=\"lazy\" decoding=\"async\" width=\"1024\" height=\"1024\" src=\"https:\/\/www.statekujelinku.com\/wp-content\/uploads\/2024\/01\/IMG-20240101-WA0010-1024x1024.jpg\" alt=\"\" class=\"wp-image-150\" srcset=\"https:\/\/www.statekujelinku.com\/wp-content\/uploads\/2024\/01\/IMG-20240101-WA0010-1024x1024.jpg 1024w, https:\/\/www.statekujelinku.com\/wp-content\/uploads\/2024\/01\/IMG-20240101-WA0010-300x300.jpg 300w, https:\/\/www.statekujelinku.com\/wp-content\/uploads\/2024\/01\/IMG-20240101-WA0010-150x150.jpg 150w, https:\/\/www.statekujelinku.com\/wp-content\/uploads\/2024\/01\/IMG-20240101-WA0010-768x768.jpg 768w, https:\/\/www.statekujelinku.com\/wp-content\/uploads\/2024\/01\/IMG-20240101-WA0010.jpg 1080w\" sizes=\"auto, (max-width: 1024px) 100vw, 1024px\" \/><\/figure>\n","protected":false},"excerpt":{"rendered":"<p>Historie rodu na statku \u010d.p. 6 (nyn\u00ed 11) v Mase\u010d\u00edn\u011b&nbsp; Na\u0161emu p\u00e1tr\u00e1n\u00ed po ko\u0159enech rodu velmi napomohla Kronika rodu Li\u0161k\u016f,sepsan\u00e1 Mat\u011bjem Li\u0161kou z \u010d.p.4 v Mase\u010d\u00edn\u011b a&nbsp; jeho pokra\u010dovatelem,Mat\u011bjem Li\u0161kou, synovcem kronik\u00e1\u0159e.Ten doplnil kroniku o cenn\u00e9 genealogick\u00e9 informace. Dal\u0161\u00ed \u00fadaje jsme \u010derpali ze star\u00fdch matrik. Sledovali jsme p\u0159\u00edmou linii p\u0159edk\u016f po me\u010di,jej\u00edm\u017e posledn\u00edm \u010dlenem byl &hellip;<\/p>\n<p class=\"read-more\"> <a class=\" thunk-readmore button \" href=\"https:\/\/www.statekujelinku.com\/?page_id=145\"> <span class=\"screen-reader-text\">Historie<\/span>Read More<\/a><\/p>\n","protected":false},"author":1,"featured_media":0,"parent":0,"menu_order":0,"comment_status":"closed","ping_status":"closed","template":"","meta":{"footnotes":""},"class_list":["post-145","page","type-page","status-publish","hentry"],"_links":{"self":[{"href":"https:\/\/www.statekujelinku.com\/index.php?rest_route=\/wp\/v2\/pages\/145","targetHints":{"allow":["GET"]}}],"collection":[{"href":"https:\/\/www.statekujelinku.com\/index.php?rest_route=\/wp\/v2\/pages"}],"about":[{"href":"https:\/\/www.statekujelinku.com\/index.php?rest_route=\/wp\/v2\/types\/page"}],"author":[{"embeddable":true,"href":"https:\/\/www.statekujelinku.com\/index.php?rest_route=\/wp\/v2\/users\/1"}],"replies":[{"embeddable":true,"href":"https:\/\/www.statekujelinku.com\/index.php?rest_route=%2Fwp%2Fv2%2Fcomments&post=145"}],"version-history":[{"count":3,"href":"https:\/\/www.statekujelinku.com\/index.php?rest_route=\/wp\/v2\/pages\/145\/revisions"}],"predecessor-version":[{"id":437,"href":"https:\/\/www.statekujelinku.com\/index.php?rest_route=\/wp\/v2\/pages\/145\/revisions\/437"}],"wp:attachment":[{"href":"https:\/\/www.statekujelinku.com\/index.php?rest_route=%2Fwp%2Fv2%2Fmedia&parent=145"}],"curies":[{"name":"wp","href":"https:\/\/api.w.org\/{rel}","templated":true}]}}