{"id":343,"date":"2024-02-26T14:27:21","date_gmt":"2024-02-26T14:27:21","guid":{"rendered":"https:\/\/www.statekujelinku.com\/?page_id=343"},"modified":"2025-09-09T14:47:31","modified_gmt":"2025-09-09T14:47:31","slug":"mapy-vyjizdek","status":"publish","type":"page","link":"https:\/\/www.statekujelinku.com\/?page_id=343","title":{"rendered":"Mapy vyj\u00ed\u017ed\u011bk a v\u00fdlet\u016f"},"content":{"rendered":"\n<div class=\"wp-block-buttons is-layout-flex wp-block-buttons-is-layout-flex\">\n<div class=\"wp-block-button is-style-outline is-style-outline--1\"><a class=\"wp-block-button__link wp-element-button\" href=\"https:\/\/mapy.com\/cs\/zakladni?planovani-trasy&amp;rc=9gw2exWgIbhMYO-43gxjfMNhwue9Lg8N3w2e-wgflefegr7es.hRJgiO&amp;rs=coor&amp;rs=coor&amp;rs=coor&amp;rs=coor&amp;rs=coor&amp;rs=coor&amp;rs=coor&amp;rs=coor&amp;rs=coor&amp;ri=&amp;ri=&amp;ri=&amp;ri=&amp;ri=&amp;ri=&amp;ri=&amp;ri=&amp;ri=&amp;mrp=%7B%22c%22%3A132%2C%22dt%22%3A%22%22%2C%22d%22%3Atrue%7D&amp;xc=%5B%5D&amp;x=14.3837502&amp;y=49.8594261&amp;z=16&amp;ovl=4\">Mapy.com Trasa 5.8 km\ud83d\udc34\ud83d\udc63<\/a><\/div>\n<\/div>\n\n\n\n<figure class=\"wp-block-image size-large is-resized\"><img loading=\"lazy\" decoding=\"async\" width=\"1024\" height=\"1024\" src=\"https:\/\/www.statekujelinku.com\/wp-content\/uploads\/2025\/09\/Bez-nazvu-1024x1024.jpg\" alt=\"\" class=\"wp-image-814\" style=\"width:679px;height:auto\" srcset=\"https:\/\/www.statekujelinku.com\/wp-content\/uploads\/2025\/09\/Bez-nazvu-1024x1024.jpg 1024w, https:\/\/www.statekujelinku.com\/wp-content\/uploads\/2025\/09\/Bez-nazvu-300x300.jpg 300w, https:\/\/www.statekujelinku.com\/wp-content\/uploads\/2025\/09\/Bez-nazvu-150x150.jpg 150w, https:\/\/www.statekujelinku.com\/wp-content\/uploads\/2025\/09\/Bez-nazvu-768x768.jpg 768w, https:\/\/www.statekujelinku.com\/wp-content\/uploads\/2025\/09\/Bez-nazvu-1536x1536.jpg 1536w, https:\/\/www.statekujelinku.com\/wp-content\/uploads\/2025\/09\/Bez-nazvu-2048x2048.jpg 2048w, https:\/\/www.statekujelinku.com\/wp-content\/uploads\/2025\/09\/Bez-nazvu-48x48.jpg 48w\" sizes=\"auto, (max-width: 1024px) 100vw, 1024px\" \/><\/figure>\n\n\n\n<div class=\"wp-block-buttons is-layout-flex wp-block-buttons-is-layout-flex\">\n<div class=\"wp-block-button is-style-outline is-style-outline--2\"><a class=\"wp-block-button__link wp-element-button\" href=\"https:\/\/mapy.com\/cs\/zakladni?planovani-trasy&amp;rc=9gw2mxWg4l3pkfIhAU3XqhitNVNOgsr2agXEMsgOmO5gRnPvgaI6HgRdgskghcg-zATejIfiP&amp;rs=coor&amp;rs=coor&amp;rs=coor&amp;rs=coor&amp;rs=coor&amp;rs=coor&amp;rs=addr&amp;rs=coor&amp;rs=coor&amp;rs=coor&amp;rs=coor&amp;rs=coor&amp;rs=coor&amp;ri=&amp;ri=&amp;ri=&amp;ri=&amp;ri=&amp;ri=&amp;ri=9718348&amp;ri=&amp;ri=&amp;ri=&amp;ri=&amp;ri=&amp;ri=&amp;mrp=%7B%22c%22%3A132%2C%22dt%22%3A%22%22%2C%22d%22%3Atrue%7D&amp;xc=%5B%5D&amp;x=14.3807354&amp;y=49.8511003&amp;z=16&amp;ovl=4\">Mapy.com Trasa 5.2 km\ud83d\udc34\ud83d\udc63<\/a><\/div>\n<\/div>\n\n\n\n<figure class=\"wp-block-image size-large is-resized\"><img loading=\"lazy\" decoding=\"async\" width=\"1024\" height=\"1024\" src=\"https:\/\/www.statekujelinku.com\/wp-content\/uploads\/2025\/09\/Bez-nazvu2-1024x1024.jpg\" alt=\"\" class=\"wp-image-820\" style=\"width:678px;height:auto\" srcset=\"https:\/\/www.statekujelinku.com\/wp-content\/uploads\/2025\/09\/Bez-nazvu2-1024x1024.jpg 1024w, https:\/\/www.statekujelinku.com\/wp-content\/uploads\/2025\/09\/Bez-nazvu2-300x300.jpg 300w, https:\/\/www.statekujelinku.com\/wp-content\/uploads\/2025\/09\/Bez-nazvu2-150x150.jpg 150w, https:\/\/www.statekujelinku.com\/wp-content\/uploads\/2025\/09\/Bez-nazvu2-768x768.jpg 768w, https:\/\/www.statekujelinku.com\/wp-content\/uploads\/2025\/09\/Bez-nazvu2-1536x1536.jpg 1536w, https:\/\/www.statekujelinku.com\/wp-content\/uploads\/2025\/09\/Bez-nazvu2-2048x2048.jpg 2048w, https:\/\/www.statekujelinku.com\/wp-content\/uploads\/2025\/09\/Bez-nazvu2-48x48.jpg 48w\" sizes=\"auto, (max-width: 1024px) 100vw, 1024px\" \/><\/figure>\n\n\n\n<div class=\"wp-block-buttons is-layout-flex wp-block-buttons-is-layout-flex\">\n<div class=\"wp-block-button is-style-outline is-style-outline--3\"><a class=\"wp-block-button__link wp-element-button\" href=\"https:\/\/mapy.com\/cs\/zakladni?planovani-trasy&amp;rc=9gvHvxWeE8g8dfVeBJfMXecdKqMkhZHgazfb4ge6gR6&amp;rs=coor&amp;rs=coor&amp;rs=coor&amp;rs=coor&amp;rs=coor&amp;rs=coor&amp;rs=coor&amp;ri=&amp;ri=&amp;ri=&amp;ri=&amp;ri=&amp;ri=&amp;ri=&amp;mrp=%7B%22c%22%3A132%2C%22dt%22%3A%22%22%2C%22d%22%3Atrue%7D&amp;xc=%5B%5D&amp;x=14.3806871&amp;y=49.8493675&amp;z=16&amp;ovl=4\">Mapy.com Trasa 5.2 km\ud83d\udc34\ud83d\udc63<\/a><\/div>\n<\/div>\n\n\n\n<figure class=\"wp-block-image size-large is-resized\"><img loading=\"lazy\" decoding=\"async\" width=\"1024\" height=\"1024\" src=\"https:\/\/www.statekujelinku.com\/wp-content\/uploads\/2025\/09\/Bez-nazvu3-1024x1024.jpg\" alt=\"\" class=\"wp-image-822\" style=\"width:676px;height:auto\" srcset=\"https:\/\/www.statekujelinku.com\/wp-content\/uploads\/2025\/09\/Bez-nazvu3-1024x1024.jpg 1024w, https:\/\/www.statekujelinku.com\/wp-content\/uploads\/2025\/09\/Bez-nazvu3-300x300.jpg 300w, https:\/\/www.statekujelinku.com\/wp-content\/uploads\/2025\/09\/Bez-nazvu3-150x150.jpg 150w, https:\/\/www.statekujelinku.com\/wp-content\/uploads\/2025\/09\/Bez-nazvu3-768x768.jpg 768w, https:\/\/www.statekujelinku.com\/wp-content\/uploads\/2025\/09\/Bez-nazvu3-1536x1536.jpg 1536w, https:\/\/www.statekujelinku.com\/wp-content\/uploads\/2025\/09\/Bez-nazvu3-2048x2048.jpg 2048w, https:\/\/www.statekujelinku.com\/wp-content\/uploads\/2025\/09\/Bez-nazvu3-48x48.jpg 48w\" sizes=\"auto, (max-width: 1024px) 100vw, 1024px\" \/><\/figure>\n\n\n\n<div class=\"wp-block-buttons is-layout-flex wp-block-buttons-is-layout-flex\">\n<div class=\"wp-block-button is-style-outline is-style-outline--4\"><a class=\"wp-block-button__link wp-element-button\" href=\"https:\/\/mapy.com\/cs\/zakladni?planovani-trasy&amp;rc=9gwE5xWg4tccegPXeCvewWgS3fNrip6fbng6sg19gSMgQTh5RhHP&amp;rs=coor&amp;rs=coor&amp;rs=coor&amp;rs=coor&amp;rs=coor&amp;rs=coor&amp;rs=coor&amp;rs=coor&amp;ri=&amp;ri=&amp;ri=&amp;ri=&amp;ri=&amp;ri=&amp;ri=&amp;ri=&amp;mrp=%7B%22c%22%3A132%2C%22dt%22%3A%22%22%2C%22d%22%3Atrue%7D&amp;xc=%5B%5D&amp;x=14.3661817&amp;y=49.8535457&amp;z=15&amp;ovl=4\">Mapy.com Trasa 7.8 km\ud83d\udc34\ud83d\udc63<\/a><\/div>\n<\/div>\n\n\n\n<figure class=\"wp-block-image size-large is-resized\"><img loading=\"lazy\" decoding=\"async\" width=\"1024\" height=\"1024\" src=\"https:\/\/www.statekujelinku.com\/wp-content\/uploads\/2025\/09\/Bez-nazvu4-1024x1024.jpg\" alt=\"\" class=\"wp-image-827\" style=\"width:679px;height:auto\" srcset=\"https:\/\/www.statekujelinku.com\/wp-content\/uploads\/2025\/09\/Bez-nazvu4-1024x1024.jpg 1024w, https:\/\/www.statekujelinku.com\/wp-content\/uploads\/2025\/09\/Bez-nazvu4-300x300.jpg 300w, https:\/\/www.statekujelinku.com\/wp-content\/uploads\/2025\/09\/Bez-nazvu4-150x150.jpg 150w, https:\/\/www.statekujelinku.com\/wp-content\/uploads\/2025\/09\/Bez-nazvu4-768x768.jpg 768w, https:\/\/www.statekujelinku.com\/wp-content\/uploads\/2025\/09\/Bez-nazvu4-1536x1536.jpg 1536w, https:\/\/www.statekujelinku.com\/wp-content\/uploads\/2025\/09\/Bez-nazvu4-2048x2048.jpg 2048w, https:\/\/www.statekujelinku.com\/wp-content\/uploads\/2025\/09\/Bez-nazvu4-48x48.jpg 48w\" sizes=\"auto, (max-width: 1024px) 100vw, 1024px\" \/><\/figure>\n\n\n\n<div class=\"wp-block-buttons is-layout-flex wp-block-buttons-is-layout-flex\">\n<div class=\"wp-block-button is-style-outline is-style-outline--5\"><a class=\"wp-block-button__link wp-element-button\" href=\"https:\/\/mapy.com\/cs\/zakladni?planovani-trasy&amp;rc=9gvHbxWeECY7fYqQsfh7flnfWRJuhWA&amp;rs=coor&amp;rs=coor&amp;rs=coor&amp;rs=coor&amp;rs=coor&amp;ri=&amp;ri=&amp;ri=&amp;ri=&amp;ri=&amp;mrp=%7B%22c%22%3A132%2C%22dt%22%3A%22%22%2C%22d%22%3Atrue%7D&amp;xc=%5B%5D&amp;x=14.3812021&amp;y=49.8488140&amp;z=17&amp;ovl=4\">Mapy.com Trasa 1.2 km\ud83d\udc34\ud83d\udc63<\/a><\/div>\n<\/div>\n\n\n\n<figure class=\"wp-block-image size-large is-resized\"><img loading=\"lazy\" decoding=\"async\" width=\"1024\" height=\"1024\" src=\"https:\/\/www.statekujelinku.com\/wp-content\/uploads\/2025\/09\/Bez-nazvu5-1024x1024.jpg\" alt=\"\" class=\"wp-image-829\" style=\"width:680px;height:auto\" srcset=\"https:\/\/www.statekujelinku.com\/wp-content\/uploads\/2025\/09\/Bez-nazvu5-1024x1024.jpg 1024w, https:\/\/www.statekujelinku.com\/wp-content\/uploads\/2025\/09\/Bez-nazvu5-300x300.jpg 300w, https:\/\/www.statekujelinku.com\/wp-content\/uploads\/2025\/09\/Bez-nazvu5-150x150.jpg 150w, https:\/\/www.statekujelinku.com\/wp-content\/uploads\/2025\/09\/Bez-nazvu5-768x768.jpg 768w, https:\/\/www.statekujelinku.com\/wp-content\/uploads\/2025\/09\/Bez-nazvu5-1536x1536.jpg 1536w, https:\/\/www.statekujelinku.com\/wp-content\/uploads\/2025\/09\/Bez-nazvu5-2048x2048.jpg 2048w, https:\/\/www.statekujelinku.com\/wp-content\/uploads\/2025\/09\/Bez-nazvu5-48x48.jpg 48w\" sizes=\"auto, (max-width: 1024px) 100vw, 1024px\" \/><\/figure>\n","protected":false},"excerpt":{"rendered":"","protected":false},"author":1,"featured_media":0,"parent":0,"menu_order":0,"comment_status":"closed","ping_status":"closed","template":"","meta":{"footnotes":""},"class_list":["post-343","page","type-page","status-publish","hentry"],"_links":{"self":[{"href":"https:\/\/www.statekujelinku.com\/index.php?rest_route=\/wp\/v2\/pages\/343","targetHints":{"allow":["GET"]}}],"collection":[{"href":"https:\/\/www.statekujelinku.com\/index.php?rest_route=\/wp\/v2\/pages"}],"about":[{"href":"https:\/\/www.statekujelinku.com\/index.php?rest_route=\/wp\/v2\/types\/page"}],"author":[{"embeddable":true,"href":"https:\/\/www.statekujelinku.com\/index.php?rest_route=\/wp\/v2\/users\/1"}],"replies":[{"embeddable":true,"href":"https:\/\/www.statekujelinku.com\/index.php?rest_route=%2Fwp%2Fv2%2Fcomments&post=343"}],"version-history":[{"count":15,"href":"https:\/\/www.statekujelinku.com\/index.php?rest_route=\/wp\/v2\/pages\/343\/revisions"}],"predecessor-version":[{"id":830,"href":"https:\/\/www.statekujelinku.com\/index.php?rest_route=\/wp\/v2\/pages\/343\/revisions\/830"}],"wp:attachment":[{"href":"https:\/\/www.statekujelinku.com\/index.php?rest_route=%2Fwp%2Fv2%2Fmedia&parent=343"}],"curies":[{"name":"wp","href":"https:\/\/api.w.org\/{rel}","templated":true}]}}