{"id":373,"date":"2024-03-16T18:25:26","date_gmt":"2024-03-16T18:25:26","guid":{"rendered":"https:\/\/www.statekujelinku.com\/?page_id=373"},"modified":"2025-01-16T11:02:54","modified_gmt":"2025-01-16T11:02:54","slug":"kontakty","status":"publish","type":"page","link":"https:\/\/www.statekujelinku.com\/?page_id=373","title":{"rendered":"Kontakty"},"content":{"rendered":"\n<p>S\u00eddlo- Mase\u010d\u00edn 11, \u0160t\u011bchovice 252 07, Praha z\u00e1pad<\/p>\n\n\n\n<p>&#8211; Ond\u0159ej Jel\u00ednek tel, 739185008<\/p>\n\n\n\n<p>&#8211; Bistro u Jel\u00ednk\u016f- Michaela Jel\u00ednkov\u00e1 tel, 739842281<\/p>\n\n\n\n<p>&#8211; Vyj\u00ed\u017e\u010fky- Renata Ondrou\u0161kov\u00e1 tel, 608888611<\/p>\n\n\n\n<figure class=\"wp-block-image size-large\"><img loading=\"lazy\" decoding=\"async\" width=\"1024\" height=\"682\" src=\"https:\/\/www.statekujelinku.com\/wp-content\/uploads\/2024\/03\/IMG-20240312-WA0021-1024x682.jpg\" alt=\"\" class=\"wp-image-374\" srcset=\"https:\/\/www.statekujelinku.com\/wp-content\/uploads\/2024\/03\/IMG-20240312-WA0021-1024x682.jpg 1024w, https:\/\/www.statekujelinku.com\/wp-content\/uploads\/2024\/03\/IMG-20240312-WA0021-300x200.jpg 300w, https:\/\/www.statekujelinku.com\/wp-content\/uploads\/2024\/03\/IMG-20240312-WA0021-768x512.jpg 768w, https:\/\/www.statekujelinku.com\/wp-content\/uploads\/2024\/03\/IMG-20240312-WA0021.jpg 1213w\" sizes=\"auto, (max-width: 1024px) 100vw, 1024px\" \/><\/figure>\n","protected":false},"excerpt":{"rendered":"<p>S\u00eddlo- Mase\u010d\u00edn 11, \u0160t\u011bchovice 252 07, Praha z\u00e1pad &#8211; Ond\u0159ej Jel\u00ednek tel, 739185008 &#8211; Bistro u Jel\u00ednk\u016f- Michaela Jel\u00ednkov\u00e1 tel, 739842281 &#8211; Vyj\u00ed\u017e\u010fky- Renata Ondrou\u0161kov\u00e1 tel, 608888611<\/p>\n","protected":false},"author":1,"featured_media":0,"parent":0,"menu_order":0,"comment_status":"closed","ping_status":"closed","template":"","meta":{"footnotes":""},"class_list":["post-373","page","type-page","status-publish","hentry"],"_links":{"self":[{"href":"https:\/\/www.statekujelinku.com\/index.php?rest_route=\/wp\/v2\/pages\/373","targetHints":{"allow":["GET"]}}],"collection":[{"href":"https:\/\/www.statekujelinku.com\/index.php?rest_route=\/wp\/v2\/pages"}],"about":[{"href":"https:\/\/www.statekujelinku.com\/index.php?rest_route=\/wp\/v2\/types\/page"}],"author":[{"embeddable":true,"href":"https:\/\/www.statekujelinku.com\/index.php?rest_route=\/wp\/v2\/users\/1"}],"replies":[{"embeddable":true,"href":"https:\/\/www.statekujelinku.com\/index.php?rest_route=%2Fwp%2Fv2%2Fcomments&post=373"}],"version-history":[{"count":3,"href":"https:\/\/www.statekujelinku.com\/index.php?rest_route=\/wp\/v2\/pages\/373\/revisions"}],"predecessor-version":[{"id":569,"href":"https:\/\/www.statekujelinku.com\/index.php?rest_route=\/wp\/v2\/pages\/373\/revisions\/569"}],"wp:attachment":[{"href":"https:\/\/www.statekujelinku.com\/index.php?rest_route=%2Fwp%2Fv2%2Fmedia&parent=373"}],"curies":[{"name":"wp","href":"https:\/\/api.w.org\/{rel}","templated":true}]}}