{"id":777,"date":"2025-08-13T15:34:30","date_gmt":"2025-08-13T15:34:30","guid":{"rendered":"https:\/\/www.statekujelinku.com\/?page_id=777"},"modified":"2026-04-20T11:47:06","modified_gmt":"2026-04-20T11:47:06","slug":"ubytovani","status":"publish","type":"page","link":"https:\/\/www.statekujelinku.com\/?page_id=777","title":{"rendered":"Nocleh"},"content":{"rendered":"\n<p>V karavanu 4 dosp\u011bl\u00ed, 2 d\u011bti + TeePee 7m pr\u016fm\u011br<\/p>\n\n\n\n<div class=\"wp-block-buttons is-layout-flex wp-block-buttons-is-layout-flex\">\n<div class=\"wp-block-button is-style-outline is-style-outline--1\"><a class=\"wp-block-button__link wp-element-button\" href=\"https:\/\/www.bezkempu.cz\/2168\">Bez kempu<\/a><\/div>\n<\/div>\n\n\n\n<figure class=\"wp-block-image size-full is-resized\"><img loading=\"lazy\" decoding=\"async\" width=\"240\" height=\"320\" src=\"http:\/\/www.statekujelinku.com\/wp-content\/uploads\/2025\/08\/1000018277.jpg\" alt=\"\" class=\"wp-image-782\" style=\"width:406px;height:auto\" srcset=\"https:\/\/www.statekujelinku.com\/wp-content\/uploads\/2025\/08\/1000018277.jpg 240w, https:\/\/www.statekujelinku.com\/wp-content\/uploads\/2025\/08\/1000018277-225x300.jpg 225w, https:\/\/www.statekujelinku.com\/wp-content\/uploads\/2025\/08\/1000018277-48x64.jpg 48w\" sizes=\"auto, (max-width: 240px) 100vw, 240px\" \/><\/figure>\n\n\n\n<figure class=\"wp-block-image size-full is-resized\"><img loading=\"lazy\" decoding=\"async\" width=\"320\" height=\"240\" src=\"http:\/\/www.statekujelinku.com\/wp-content\/uploads\/2025\/08\/1000018275.jpg\" alt=\"\" class=\"wp-image-780\" style=\"width:592px;height:auto\" srcset=\"https:\/\/www.statekujelinku.com\/wp-content\/uploads\/2025\/08\/1000018275.jpg 320w, https:\/\/www.statekujelinku.com\/wp-content\/uploads\/2025\/08\/1000018275-300x225.jpg 300w, https:\/\/www.statekujelinku.com\/wp-content\/uploads\/2025\/08\/1000018275-48x36.jpg 48w\" sizes=\"auto, (max-width: 320px) 100vw, 320px\" \/><\/figure>\n\n\n\n<figure class=\"wp-block-image size-full is-resized\"><img loading=\"lazy\" decoding=\"async\" width=\"320\" height=\"240\" src=\"http:\/\/www.statekujelinku.com\/wp-content\/uploads\/2025\/08\/1000018274.jpg\" alt=\"\" class=\"wp-image-779\" style=\"width:584px;height:auto\" srcset=\"https:\/\/www.statekujelinku.com\/wp-content\/uploads\/2025\/08\/1000018274.jpg 320w, https:\/\/www.statekujelinku.com\/wp-content\/uploads\/2025\/08\/1000018274-300x225.jpg 300w, https:\/\/www.statekujelinku.com\/wp-content\/uploads\/2025\/08\/1000018274-48x36.jpg 48w\" sizes=\"auto, (max-width: 320px) 100vw, 320px\" \/><\/figure>\n\n\n\n<figure class=\"wp-block-image size-full is-resized\"><img loading=\"lazy\" decoding=\"async\" width=\"240\" height=\"320\" src=\"http:\/\/www.statekujelinku.com\/wp-content\/uploads\/2025\/08\/1000018273.jpg\" alt=\"\" class=\"wp-image-778\" style=\"width:481px;height:auto\" srcset=\"https:\/\/www.statekujelinku.com\/wp-content\/uploads\/2025\/08\/1000018273.jpg 240w, https:\/\/www.statekujelinku.com\/wp-content\/uploads\/2025\/08\/1000018273-225x300.jpg 225w, https:\/\/www.statekujelinku.com\/wp-content\/uploads\/2025\/08\/1000018273-48x64.jpg 48w\" sizes=\"auto, (max-width: 240px) 100vw, 240px\" \/><\/figure>\n\n\n\n<figure class=\"wp-block-image size-large\"><img loading=\"lazy\" decoding=\"async\" width=\"461\" height=\"1024\" src=\"http:\/\/www.statekujelinku.com\/wp-content\/uploads\/2024\/05\/Screenshot_20230818-210749-461x1024.png\" alt=\"\" class=\"wp-image-496\" srcset=\"https:\/\/www.statekujelinku.com\/wp-content\/uploads\/2024\/05\/Screenshot_20230818-210749-461x1024.png 461w, https:\/\/www.statekujelinku.com\/wp-content\/uploads\/2024\/05\/Screenshot_20230818-210749-135x300.png 135w, https:\/\/www.statekujelinku.com\/wp-content\/uploads\/2024\/05\/Screenshot_20230818-210749-691x1536.png 691w, https:\/\/www.statekujelinku.com\/wp-content\/uploads\/2024\/05\/Screenshot_20230818-210749-48x107.png 48w, https:\/\/www.statekujelinku.com\/wp-content\/uploads\/2024\/05\/Screenshot_20230818-210749.png 720w\" sizes=\"auto, (max-width: 461px) 100vw, 461px\" \/><\/figure>\n","protected":false},"excerpt":{"rendered":"<p>V karavanu 4 dosp\u011bl\u00ed, 2 d\u011bti + TeePee 7m pr\u016fm\u011br<\/p>\n","protected":false},"author":1,"featured_media":0,"parent":0,"menu_order":0,"comment_status":"closed","ping_status":"closed","template":"","meta":{"footnotes":""},"class_list":["post-777","page","type-page","status-publish","hentry"],"_links":{"self":[{"href":"https:\/\/www.statekujelinku.com\/index.php?rest_route=\/wp\/v2\/pages\/777","targetHints":{"allow":["GET"]}}],"collection":[{"href":"https:\/\/www.statekujelinku.com\/index.php?rest_route=\/wp\/v2\/pages"}],"about":[{"href":"https:\/\/www.statekujelinku.com\/index.php?rest_route=\/wp\/v2\/types\/page"}],"author":[{"embeddable":true,"href":"https:\/\/www.statekujelinku.com\/index.php?rest_route=\/wp\/v2\/users\/1"}],"replies":[{"embeddable":true,"href":"https:\/\/www.statekujelinku.com\/index.php?rest_route=%2Fwp%2Fv2%2Fcomments&post=777"}],"version-history":[{"count":5,"href":"https:\/\/www.statekujelinku.com\/index.php?rest_route=\/wp\/v2\/pages\/777\/revisions"}],"predecessor-version":[{"id":980,"href":"https:\/\/www.statekujelinku.com\/index.php?rest_route=\/wp\/v2\/pages\/777\/revisions\/980"}],"wp:attachment":[{"href":"https:\/\/www.statekujelinku.com\/index.php?rest_route=%2Fwp%2Fv2%2Fmedia&parent=777"}],"curies":[{"name":"wp","href":"https:\/\/api.w.org\/{rel}","templated":true}]}}