{"id":988,"date":"2026-04-20T12:39:10","date_gmt":"2026-04-20T12:39:10","guid":{"rendered":"https:\/\/www.statekujelinku.com\/?page_id=988"},"modified":"2026-04-20T12:40:25","modified_gmt":"2026-04-20T12:40:25","slug":"drubez-cunici-ptaci-a-jini-zivosi","status":"publish","type":"page","link":"https:\/\/www.statekujelinku.com\/?page_id=988","title":{"rendered":"Dr\u016fbe\u017e, \u010dun\u00edci, pt\u00e1ci a jin\u00ed \u017eivo\u0161i"},"content":{"rendered":"\n<figure class=\"wp-block-image size-large\"><img loading=\"lazy\" decoding=\"async\" width=\"768\" height=\"1024\" src=\"http:\/\/www.statekujelinku.com\/wp-content\/uploads\/2024\/03\/IMG_20240310_154240-768x1024.jpg\" alt=\"\" class=\"wp-image-434\" srcset=\"https:\/\/www.statekujelinku.com\/wp-content\/uploads\/2024\/03\/IMG_20240310_154240-768x1024.jpg 768w, https:\/\/www.statekujelinku.com\/wp-content\/uploads\/2024\/03\/IMG_20240310_154240-225x300.jpg 225w, https:\/\/www.statekujelinku.com\/wp-content\/uploads\/2024\/03\/IMG_20240310_154240-1152x1536.jpg 1152w, https:\/\/www.statekujelinku.com\/wp-content\/uploads\/2024\/03\/IMG_20240310_154240-1536x2048.jpg 1536w, https:\/\/www.statekujelinku.com\/wp-content\/uploads\/2024\/03\/IMG_20240310_154240-48x64.jpg 48w, https:\/\/www.statekujelinku.com\/wp-content\/uploads\/2024\/03\/IMG_20240310_154240-scaled.jpg 1920w\" sizes=\"auto, (max-width: 768px) 100vw, 768px\" \/><\/figure>\n\n\n\n<figure class=\"wp-block-image size-large\"><img loading=\"lazy\" decoding=\"async\" width=\"1024\" height=\"768\" src=\"http:\/\/www.statekujelinku.com\/wp-content\/uploads\/2024\/03\/IMG_20240310_154310-1024x768.jpg\" alt=\"\" class=\"wp-image-433\" srcset=\"https:\/\/www.statekujelinku.com\/wp-content\/uploads\/2024\/03\/IMG_20240310_154310-1024x768.jpg 1024w, https:\/\/www.statekujelinku.com\/wp-content\/uploads\/2024\/03\/IMG_20240310_154310-300x225.jpg 300w, https:\/\/www.statekujelinku.com\/wp-content\/uploads\/2024\/03\/IMG_20240310_154310-768x576.jpg 768w, https:\/\/www.statekujelinku.com\/wp-content\/uploads\/2024\/03\/IMG_20240310_154310-1536x1152.jpg 1536w, https:\/\/www.statekujelinku.com\/wp-content\/uploads\/2024\/03\/IMG_20240310_154310-2048x1536.jpg 2048w, https:\/\/www.statekujelinku.com\/wp-content\/uploads\/2024\/03\/IMG_20240310_154310-48x36.jpg 48w\" sizes=\"auto, (max-width: 1024px) 100vw, 1024px\" \/><\/figure>\n\n\n\n<figure class=\"wp-block-image size-large\"><img loading=\"lazy\" decoding=\"async\" width=\"768\" height=\"1024\" src=\"http:\/\/www.statekujelinku.com\/wp-content\/uploads\/2024\/03\/IMG_20240310_154425-768x1024.jpg\" alt=\"\" class=\"wp-image-432\" srcset=\"https:\/\/www.statekujelinku.com\/wp-content\/uploads\/2024\/03\/IMG_20240310_154425-768x1024.jpg 768w, https:\/\/www.statekujelinku.com\/wp-content\/uploads\/2024\/03\/IMG_20240310_154425-225x300.jpg 225w, https:\/\/www.statekujelinku.com\/wp-content\/uploads\/2024\/03\/IMG_20240310_154425-1152x1536.jpg 1152w, https:\/\/www.statekujelinku.com\/wp-content\/uploads\/2024\/03\/IMG_20240310_154425-1536x2048.jpg 1536w, https:\/\/www.statekujelinku.com\/wp-content\/uploads\/2024\/03\/IMG_20240310_154425-48x64.jpg 48w, https:\/\/www.statekujelinku.com\/wp-content\/uploads\/2024\/03\/IMG_20240310_154425-scaled.jpg 1920w\" sizes=\"auto, (max-width: 768px) 100vw, 768px\" \/><\/figure>\n\n\n\n<figure class=\"wp-block-image size-large\"><img loading=\"lazy\" decoding=\"async\" width=\"577\" height=\"1024\" src=\"http:\/\/www.statekujelinku.com\/wp-content\/uploads\/2024\/02\/IMG-20240208-WA0005-577x1024.jpg\" alt=\"\" class=\"wp-image-303\" srcset=\"https:\/\/www.statekujelinku.com\/wp-content\/uploads\/2024\/02\/IMG-20240208-WA0005-577x1024.jpg 577w, https:\/\/www.statekujelinku.com\/wp-content\/uploads\/2024\/02\/IMG-20240208-WA0005-169x300.jpg 169w, https:\/\/www.statekujelinku.com\/wp-content\/uploads\/2024\/02\/IMG-20240208-WA0005.jpg 640w\" sizes=\"auto, (max-width: 577px) 100vw, 577px\" \/><\/figure>\n\n\n\n<figure class=\"wp-block-image size-large\"><img loading=\"lazy\" decoding=\"async\" width=\"1024\" height=\"768\" src=\"http:\/\/www.statekujelinku.com\/wp-content\/uploads\/2024\/02\/IMG_20240221_173112-1024x768.jpg\" alt=\"\" class=\"wp-image-336\" srcset=\"https:\/\/www.statekujelinku.com\/wp-content\/uploads\/2024\/02\/IMG_20240221_173112-1024x768.jpg 1024w, https:\/\/www.statekujelinku.com\/wp-content\/uploads\/2024\/02\/IMG_20240221_173112-300x225.jpg 300w, https:\/\/www.statekujelinku.com\/wp-content\/uploads\/2024\/02\/IMG_20240221_173112-768x576.jpg 768w, https:\/\/www.statekujelinku.com\/wp-content\/uploads\/2024\/02\/IMG_20240221_173112-1536x1152.jpg 1536w, https:\/\/www.statekujelinku.com\/wp-content\/uploads\/2024\/02\/IMG_20240221_173112-2048x1536.jpg 2048w\" sizes=\"auto, (max-width: 1024px) 100vw, 1024px\" \/><\/figure>\n\n\n\n<figure class=\"wp-block-image size-large\"><img loading=\"lazy\" decoding=\"async\" width=\"1024\" height=\"768\" src=\"http:\/\/www.statekujelinku.com\/wp-content\/uploads\/2024\/03\/IMG_20240310_154659-1024x768.jpg\" alt=\"\" class=\"wp-image-363\" srcset=\"https:\/\/www.statekujelinku.com\/wp-content\/uploads\/2024\/03\/IMG_20240310_154659-1024x768.jpg 1024w, https:\/\/www.statekujelinku.com\/wp-content\/uploads\/2024\/03\/IMG_20240310_154659-300x225.jpg 300w, https:\/\/www.statekujelinku.com\/wp-content\/uploads\/2024\/03\/IMG_20240310_154659-768x576.jpg 768w, https:\/\/www.statekujelinku.com\/wp-content\/uploads\/2024\/03\/IMG_20240310_154659-1536x1152.jpg 1536w, https:\/\/www.statekujelinku.com\/wp-content\/uploads\/2024\/03\/IMG_20240310_154659-2048x1536.jpg 2048w\" sizes=\"auto, (max-width: 1024px) 100vw, 1024px\" \/><\/figure>\n\n\n\n<figure class=\"wp-block-image size-large\"><img loading=\"lazy\" decoding=\"async\" width=\"1024\" height=\"768\" src=\"http:\/\/www.statekujelinku.com\/wp-content\/uploads\/2025\/01\/IMG-20231231-WA0006-1024x768.jpg\" alt=\"\" class=\"wp-image-602\" srcset=\"https:\/\/www.statekujelinku.com\/wp-content\/uploads\/2025\/01\/IMG-20231231-WA0006-1024x768.jpg 1024w, https:\/\/www.statekujelinku.com\/wp-content\/uploads\/2025\/01\/IMG-20231231-WA0006-300x225.jpg 300w, https:\/\/www.statekujelinku.com\/wp-content\/uploads\/2025\/01\/IMG-20231231-WA0006-768x576.jpg 768w, https:\/\/www.statekujelinku.com\/wp-content\/uploads\/2025\/01\/IMG-20231231-WA0006-1536x1152.jpg 1536w, https:\/\/www.statekujelinku.com\/wp-content\/uploads\/2025\/01\/IMG-20231231-WA0006-48x36.jpg 48w, https:\/\/www.statekujelinku.com\/wp-content\/uploads\/2025\/01\/IMG-20231231-WA0006.jpg 2048w\" sizes=\"auto, (max-width: 1024px) 100vw, 1024px\" \/><\/figure>\n\n\n\n<figure class=\"wp-block-image size-large\"><img loading=\"lazy\" decoding=\"async\" width=\"1024\" height=\"768\" src=\"http:\/\/www.statekujelinku.com\/wp-content\/uploads\/2025\/01\/IMG_20240219_170339-1024x768.jpg\" alt=\"\" class=\"wp-image-601\" srcset=\"https:\/\/www.statekujelinku.com\/wp-content\/uploads\/2025\/01\/IMG_20240219_170339-1024x768.jpg 1024w, https:\/\/www.statekujelinku.com\/wp-content\/uploads\/2025\/01\/IMG_20240219_170339-300x225.jpg 300w, https:\/\/www.statekujelinku.com\/wp-content\/uploads\/2025\/01\/IMG_20240219_170339-768x576.jpg 768w, https:\/\/www.statekujelinku.com\/wp-content\/uploads\/2025\/01\/IMG_20240219_170339-1536x1152.jpg 1536w, https:\/\/www.statekujelinku.com\/wp-content\/uploads\/2025\/01\/IMG_20240219_170339-2048x1536.jpg 2048w, https:\/\/www.statekujelinku.com\/wp-content\/uploads\/2025\/01\/IMG_20240219_170339-48x36.jpg 48w\" sizes=\"auto, (max-width: 1024px) 100vw, 1024px\" \/><\/figure>\n\n\n\n<figure class=\"wp-block-image size-large\"><img loading=\"lazy\" decoding=\"async\" width=\"1024\" height=\"768\" src=\"http:\/\/www.statekujelinku.com\/wp-content\/uploads\/2024\/03\/IMG_20240310_154516-1024x768.jpg\" alt=\"\" class=\"wp-image-361\" srcset=\"https:\/\/www.statekujelinku.com\/wp-content\/uploads\/2024\/03\/IMG_20240310_154516-1024x768.jpg 1024w, https:\/\/www.statekujelinku.com\/wp-content\/uploads\/2024\/03\/IMG_20240310_154516-300x225.jpg 300w, https:\/\/www.statekujelinku.com\/wp-content\/uploads\/2024\/03\/IMG_20240310_154516-768x576.jpg 768w, https:\/\/www.statekujelinku.com\/wp-content\/uploads\/2024\/03\/IMG_20240310_154516-1536x1152.jpg 1536w, https:\/\/www.statekujelinku.com\/wp-content\/uploads\/2024\/03\/IMG_20240310_154516-2048x1536.jpg 2048w\" sizes=\"auto, (max-width: 1024px) 100vw, 1024px\" \/><\/figure>\n\n\n\n<figure class=\"wp-block-image size-large\"><img loading=\"lazy\" decoding=\"async\" width=\"577\" height=\"1024\" src=\"http:\/\/www.statekujelinku.com\/wp-content\/uploads\/2024\/02\/IMG-20240208-WA0014-577x1024.jpg\" alt=\"\" class=\"wp-image-305\" srcset=\"https:\/\/www.statekujelinku.com\/wp-content\/uploads\/2024\/02\/IMG-20240208-WA0014-577x1024.jpg 577w, https:\/\/www.statekujelinku.com\/wp-content\/uploads\/2024\/02\/IMG-20240208-WA0014-169x300.jpg 169w, https:\/\/www.statekujelinku.com\/wp-content\/uploads\/2024\/02\/IMG-20240208-WA0014.jpg 640w\" sizes=\"auto, (max-width: 577px) 100vw, 577px\" \/><\/figure>\n\n\n\n<figure class=\"wp-block-image size-large\"><img loading=\"lazy\" decoding=\"async\" width=\"768\" height=\"1024\" src=\"http:\/\/www.statekujelinku.com\/wp-content\/uploads\/2024\/02\/IMG-20240208-WA0016-768x1024.jpg\" alt=\"\" class=\"wp-image-302\" srcset=\"https:\/\/www.statekujelinku.com\/wp-content\/uploads\/2024\/02\/IMG-20240208-WA0016-768x1024.jpg 768w, https:\/\/www.statekujelinku.com\/wp-content\/uploads\/2024\/02\/IMG-20240208-WA0016-225x300.jpg 225w, https:\/\/www.statekujelinku.com\/wp-content\/uploads\/2024\/02\/IMG-20240208-WA0016-1152x1536.jpg 1152w, https:\/\/www.statekujelinku.com\/wp-content\/uploads\/2024\/02\/IMG-20240208-WA0016.jpg 1200w\" sizes=\"auto, (max-width: 768px) 100vw, 768px\" \/><\/figure>\n","protected":false},"excerpt":{"rendered":"","protected":false},"author":1,"featured_media":0,"parent":0,"menu_order":0,"comment_status":"closed","ping_status":"closed","template":"","meta":{"footnotes":""},"class_list":["post-988","page","type-page","status-publish","hentry"],"_links":{"self":[{"href":"https:\/\/www.statekujelinku.com\/index.php?rest_route=\/wp\/v2\/pages\/988","targetHints":{"allow":["GET"]}}],"collection":[{"href":"https:\/\/www.statekujelinku.com\/index.php?rest_route=\/wp\/v2\/pages"}],"about":[{"href":"https:\/\/www.statekujelinku.com\/index.php?rest_route=\/wp\/v2\/types\/page"}],"author":[{"embeddable":true,"href":"https:\/\/www.statekujelinku.com\/index.php?rest_route=\/wp\/v2\/users\/1"}],"replies":[{"embeddable":true,"href":"https:\/\/www.statekujelinku.com\/index.php?rest_route=%2Fwp%2Fv2%2Fcomments&post=988"}],"version-history":[{"count":3,"href":"https:\/\/www.statekujelinku.com\/index.php?rest_route=\/wp\/v2\/pages\/988\/revisions"}],"predecessor-version":[{"id":992,"href":"https:\/\/www.statekujelinku.com\/index.php?rest_route=\/wp\/v2\/pages\/988\/revisions\/992"}],"wp:attachment":[{"href":"https:\/\/www.statekujelinku.com\/index.php?rest_route=%2Fwp%2Fv2%2Fmedia&parent=988"}],"curies":[{"name":"wp","href":"https:\/\/api.w.org\/{rel}","templated":true}]}}